{"id":81,"date":"2024-01-31T13:14:40","date_gmt":"2024-01-31T12:14:40","guid":{"rendered":"https:\/\/najeim.imksnv.com\/?post_type=product&#038;p=81"},"modified":"2024-05-15T13:43:29","modified_gmt":"2024-05-15T11:43:29","slug":"casquette-najeim","status":"publish","type":"product","link":"https:\/\/najeim.imksnv.com\/index.php\/product\/casquette-najeim\/","title":{"rendered":"Casquette Najeim"},"content":{"rendered":"<p>Explorez le mariage du style streetwear moderne et des influences vintage avec notre Casquette Streetwear. Fabriqu\u00e9e avec pr\u00e9cision, cette casquette incarne l&rsquo;authenticit\u00e9 et l&rsquo;\u00e9l\u00e9gance d\u00e9contract\u00e9e.<\/p>\n<p>Le design intemporel de la casquette, associ\u00e9 \u00e0 des touches nostalgiques, ajoute une dimension unique \u00e0 votre style quotidien. Que ce soit pour compl\u00e9ter une tenue d\u00e9contract\u00e9e ou pour injecter une touche vintage dans votre look, notre Casquette Streetwear est l&rsquo;accessoire parfait. Affirmez votre style avec ce morceau qui capture l&rsquo;esprit de l&rsquo;histoire tout en restant ancr\u00e9 dans le pr\u00e9sent.<\/p>\n","protected":false},"excerpt":{"rendered":"<p>Explorez le mariage du style streetwear moderne et des influences vintage avec notre Casquette Streetwear. Fabriqu\u00e9e avec pr\u00e9cision, cette casquette incarne l&rsquo;authenticit\u00e9 et l&rsquo;\u00e9l\u00e9gance d\u00e9contract\u00e9e.<\/p>\n<p>Le design intemporel de la casquette, associ\u00e9 \u00e0 des touches nostalgiques, ajoute une dimension unique \u00e0 votre style quotidien. Que ce soit pour compl\u00e9ter une tenue d\u00e9contract\u00e9e ou pour injecter une touche vintage dans votre look, notre Casquette Streetwear est l&rsquo;accessoire parfait. Affirmez votre style avec ce morceau qui capture l&rsquo;esprit de l&rsquo;histoire tout en restant ancr\u00e9 dans le pr\u00e9sent.<\/p>\n","protected":false},"featured_media":1106,"comment_status":"open","ping_status":"closed","template":"","meta":{"_acf_changed":false,"inline_featured_image":false},"product_brand":[],"product_cat":[15],"product_tag":[],"class_list":{"0":"post-81","1":"product","2":"type-product","3":"status-publish","4":"has-post-thumbnail","6":"product_cat-uncategorized","8":"first","9":"instock","10":"shipping-taxable","11":"purchasable","12":"product-type-simple"},"acf":[],"_links":{"self":[{"href":"https:\/\/najeim.imksnv.com\/index.php\/wp-json\/wp\/v2\/product\/81","targetHints":{"allow":["GET"]}}],"collection":[{"href":"https:\/\/najeim.imksnv.com\/index.php\/wp-json\/wp\/v2\/product"}],"about":[{"href":"https:\/\/najeim.imksnv.com\/index.php\/wp-json\/wp\/v2\/types\/product"}],"replies":[{"embeddable":true,"href":"https:\/\/najeim.imksnv.com\/index.php\/wp-json\/wp\/v2\/comments?post=81"}],"wp:featuredmedia":[{"embeddable":true,"href":"https:\/\/najeim.imksnv.com\/index.php\/wp-json\/wp\/v2\/media\/1106"}],"wp:attachment":[{"href":"https:\/\/najeim.imksnv.com\/index.php\/wp-json\/wp\/v2\/media?parent=81"}],"wp:term":[{"taxonomy":"product_brand","embeddable":true,"href":"https:\/\/najeim.imksnv.com\/index.php\/wp-json\/wp\/v2\/product_brand?post=81"},{"taxonomy":"product_cat","embeddable":true,"href":"https:\/\/najeim.imksnv.com\/index.php\/wp-json\/wp\/v2\/product_cat?post=81"},{"taxonomy":"product_tag","embeddable":true,"href":"https:\/\/najeim.imksnv.com\/index.php\/wp-json\/wp\/v2\/product_tag?post=81"}],"curies":[{"name":"wp","href":"https:\/\/api.w.org\/{rel}","templated":true}]}}